{"id":1791,"date":"2024-04-20T11:13:15","date_gmt":"2024-04-20T11:13:15","guid":{"rendered":"https:\/\/www.practicalparenting.co.za\/?page_id=1791"},"modified":"2024-04-25T15:23:38","modified_gmt":"2024-04-25T15:23:38","slug":"natacha-latouf","status":"publish","type":"page","link":"https:\/\/www.practicalparenting.co.za\/pt\/natacha-latouf\/","title":{"rendered":"Natacha Latouf"},"content":{"rendered":"<p><strong><div class=\"trp_language_switcher_shortcode\">\n<div class=\"trp-language-switcher trp-language-switcher-container\" data-no-translation>\n    <div class=\"trp-ls-shortcode-current-language\">\n        <a href=\"#\" class=\"trp-ls-shortcode-disabled-language trp-ls-disabled-language\" title=\"Portugu\u00eas\" onclick=\"event.preventDefault()\">\n\t\t\t<img data-recalc-dims=\"1\" loading=\"lazy\" decoding=\"async\" class=\"trp-flag-image\" src=\"https:\/\/i0.wp.com\/www.practicalparenting.co.za\/wp-content\/plugins\/translatepress-multilingual\/assets\/images\/flags\/pt_PT.png?resize=18%2C12&#038;ssl=1\" width=\"18\" height=\"12\" alt=\"pt_PT\" title=\"Portugu\u00eas\"> Portugu\u00eas\t\t<\/a>\n    <\/div>\n    <div class=\"trp-ls-shortcode-language\">\n                <a href=\"#\" class=\"trp-ls-shortcode-disabled-language trp-ls-disabled-language\"  title=\"Portugu\u00eas\" onclick=\"event.preventDefault()\">\n\t\t\t<img data-recalc-dims=\"1\" loading=\"lazy\" decoding=\"async\" class=\"trp-flag-image\" src=\"https:\/\/i0.wp.com\/www.practicalparenting.co.za\/wp-content\/plugins\/translatepress-multilingual\/assets\/images\/flags\/pt_PT.png?resize=18%2C12&#038;ssl=1\" width=\"18\" height=\"12\" alt=\"pt_PT\" title=\"Portugu\u00eas\"> Portugu\u00eas\t\t<\/a>\n                    <a href=\"https:\/\/www.practicalparenting.co.za\/pt\/wp-json\/wp\/v2\/pages\/1791\" title=\"English (UK)\">\n            <img data-recalc-dims=\"1\" loading=\"lazy\" decoding=\"async\" class=\"trp-flag-image\" src=\"https:\/\/i0.wp.com\/www.practicalparenting.co.za\/wp-content\/plugins\/translatepress-multilingual\/assets\/images\/flags\/en_GB.png?resize=18%2C12&#038;ssl=1\" width=\"18\" height=\"12\" alt=\"en_GB\" title=\"English (UK)\"> English (UK)        <\/a>\n\n        <\/div>\n    <script type=\"application\/javascript\">\n        \/\/ need to have the same with set from JS on both divs. Otherwise it can push stuff around in HTML\n        var trp_ls_shortcodes = document.querySelectorAll('.trp_language_switcher_shortcode .trp-language-switcher');\n        if ( trp_ls_shortcodes.length > 0) {\n            \/\/ get the last language switcher added\n            var trp_el = trp_ls_shortcodes[trp_ls_shortcodes.length - 1];\n\n            var trp_shortcode_language_item = trp_el.querySelector( '.trp-ls-shortcode-language' )\n            \/\/ set width\n            var trp_ls_shortcode_width                                               = trp_shortcode_language_item.offsetWidth + 16;\n            trp_shortcode_language_item.style.width                                  = trp_ls_shortcode_width + 'px';\n            trp_el.querySelector( '.trp-ls-shortcode-current-language' ).style.width = trp_ls_shortcode_width + 'px';\n\n            \/\/ We're putting this on display: none after we have its width.\n            trp_shortcode_language_item.style.display = 'none';\n        }\n    <\/script>\n<\/div>\n<\/div><\/strong><\/p>\n\n\n\n<figure class=\"wp-block-image size-large is-resized\"><img data-recalc-dims=\"1\" loading=\"lazy\" decoding=\"async\" width=\"1024\" height=\"585\" src=\"https:\/\/i0.wp.com\/www.practicalparenting.co.za\/wp-content\/uploads\/2024\/04\/image-2.png?resize=1024%2C585&#038;ssl=1\" alt=\"\" class=\"wp-image-1823\" style=\"width:507px;height:auto\" srcset=\"https:\/\/i0.wp.com\/www.practicalparenting.co.za\/wp-content\/uploads\/2024\/04\/image-2.png?resize=1024%2C585&amp;ssl=1 1024w, https:\/\/i0.wp.com\/www.practicalparenting.co.za\/wp-content\/uploads\/2024\/04\/image-2.png?resize=300%2C171&amp;ssl=1 300w, https:\/\/i0.wp.com\/www.practicalparenting.co.za\/wp-content\/uploads\/2024\/04\/image-2.png?resize=768%2C439&amp;ssl=1 768w, https:\/\/i0.wp.com\/www.practicalparenting.co.za\/wp-content\/uploads\/2024\/04\/image-2.png?resize=1536%2C878&amp;ssl=1 1536w, https:\/\/i0.wp.com\/www.practicalparenting.co.za\/wp-content\/uploads\/2024\/04\/image-2.png?resize=18%2C10&amp;ssl=1 18w, https:\/\/i0.wp.com\/www.practicalparenting.co.za\/wp-content\/uploads\/2024\/04\/image-2.png?resize=332%2C190&amp;ssl=1 332w, https:\/\/i0.wp.com\/www.practicalparenting.co.za\/wp-content\/uploads\/2024\/04\/image-2.png?resize=700%2C400&amp;ssl=1 700w, https:\/\/i0.wp.com\/www.practicalparenting.co.za\/wp-content\/uploads\/2024\/04\/image-2.png?resize=750%2C429&amp;ssl=1 750w, https:\/\/i0.wp.com\/www.practicalparenting.co.za\/wp-content\/uploads\/2024\/04\/image-2.png?w=1792&amp;ssl=1 1792w\" sizes=\"auto, (max-width: 1000px) 100vw, 1000px\" \/><\/figure>\n\n\n\n<h2 class=\"wp-block-heading has-text-align-center\">Terapeuta da Crian\u00e7a e da Fam\u00edlia, Coordenadora e <br>Apresentador do workshop<\/h2>\n\n\n\n<p>Trabalhei mais de 25 anos como terapeuta em escolas e em consult\u00f3rio privado na \u00c1frica do Sul, onde passei anos a ajudar pais e professores a compreender e a apoiar o crescimento emocional, social e comportamental das crian\u00e7as. Estou entusiasmada por trazer o que aprendi para Portugal, para apoiar e enriquecer a vida das fam\u00edlias e das comunidades escolares.<\/p>\n\n\n\n<p>Ao utilizar m\u00e9todos terap\u00eauticos l\u00fadicos, carinhosos e eficazes, espero tornar a escola num lugar melhor para todos. Al\u00e9m disso, tenho 25 anos de experi\u00eancia em aconselhamento, coordena\u00e7\u00e3o, forma\u00e7\u00e3o e palestras sobre o desenvolvimento emocional, social e comportamental das crian\u00e7as. Desde a gest\u00e3o de um infant\u00e1rio ao aconselhamento de alunos at\u00e9 aos 13 anos de idade, passando pela minha pr\u00e1tica de terapia l\u00fadica, j\u00e1 percorri muito terreno. <\/p>\n\n\n\n<p>Tamb\u00e9m formei pessoal escolar e orientei pais, e gostaria de utilizar esta vasta experi\u00eancia para ajudar a criar um ambiente de apoio e enriquecimento para a sua escola e institui\u00e7\u00e3o.<\/p>\n\n\n\n<figure class=\"wp-block-image size-large is-resized\"><img data-recalc-dims=\"1\" loading=\"lazy\" decoding=\"async\" width=\"1024\" height=\"1024\" src=\"https:\/\/i0.wp.com\/www.practicalparenting.co.za\/wp-content\/uploads\/2024\/04\/Profile-pic-1.png?resize=1024%2C1024&#038;ssl=1\" alt=\"\" class=\"wp-image-1805\" style=\"width:354px;height:auto\" srcset=\"https:\/\/i0.wp.com\/www.practicalparenting.co.za\/wp-content\/uploads\/2024\/04\/Profile-pic-1.png?resize=1024%2C1024&amp;ssl=1 1024w, https:\/\/i0.wp.com\/www.practicalparenting.co.za\/wp-content\/uploads\/2024\/04\/Profile-pic-1.png?resize=300%2C300&amp;ssl=1 300w, https:\/\/i0.wp.com\/www.practicalparenting.co.za\/wp-content\/uploads\/2024\/04\/Profile-pic-1.png?resize=150%2C150&amp;ssl=1 150w, https:\/\/i0.wp.com\/www.practicalparenting.co.za\/wp-content\/uploads\/2024\/04\/Profile-pic-1.png?resize=768%2C768&amp;ssl=1 768w, https:\/\/i0.wp.com\/www.practicalparenting.co.za\/wp-content\/uploads\/2024\/04\/Profile-pic-1.png?resize=12%2C12&amp;ssl=1 12w, https:\/\/i0.wp.com\/www.practicalparenting.co.za\/wp-content\/uploads\/2024\/04\/Profile-pic-1.png?resize=600%2C600&amp;ssl=1 600w, https:\/\/i0.wp.com\/www.practicalparenting.co.za\/wp-content\/uploads\/2024\/04\/Profile-pic-1.png?resize=540%2C540&amp;ssl=1 540w, https:\/\/i0.wp.com\/www.practicalparenting.co.za\/wp-content\/uploads\/2024\/04\/Profile-pic-1.png?resize=750%2C750&amp;ssl=1 750w, https:\/\/i0.wp.com\/www.practicalparenting.co.za\/wp-content\/uploads\/2024\/04\/Profile-pic-1.png?resize=100%2C100&amp;ssl=1 100w, https:\/\/i0.wp.com\/www.practicalparenting.co.za\/wp-content\/uploads\/2024\/04\/Profile-pic-1.png?w=1080&amp;ssl=1 1080w\" sizes=\"auto, (max-width: 1000px) 100vw, 1000px\" \/><\/figure>\n\n\n\n<p><\/p>\n\n\n\n<h4 class=\"wp-block-heading\">Compet\u00eancias profissionais<\/h4>\n\n\n\n<ul class=\"wp-block-list\">\n<li>Especialista em t\u00e9cnicas de terapia l\u00fadica<\/li>\n\n\n\n<li>Experi\u00eancia na abordagem e cura de traumas infantis<\/li>\n\n\n\n<li>Compet\u00eancias para conceber e conduzir sess\u00f5es de orienta\u00e7\u00e3o e apresenta\u00e7\u00e3o aos pais sobre a compreens\u00e3o das dificuldades sociais, emocionais e comportamentais de uma crian\u00e7a, com experi\u00eancia.<\/li>\n\n\n\n<li>Compet\u00eancia no desenvolvimento e dire\u00e7\u00e3o de programas de forma\u00e7\u00e3o e apoio a professores<\/li>\n<\/ul>\n\n\n\n<figure class=\"wp-block-image size-large is-resized\"><img data-recalc-dims=\"1\" loading=\"lazy\" decoding=\"async\" width=\"1024\" height=\"489\" src=\"https:\/\/i0.wp.com\/www.practicalparenting.co.za\/wp-content\/uploads\/2024\/04\/image-1.png?resize=1024%2C489&#038;ssl=1\" alt=\"\" class=\"wp-image-1821\" style=\"width:424px;height:auto\" srcset=\"https:\/\/i0.wp.com\/www.practicalparenting.co.za\/wp-content\/uploads\/2024\/04\/image-1.png?resize=1024%2C489&amp;ssl=1 1024w, https:\/\/i0.wp.com\/www.practicalparenting.co.za\/wp-content\/uploads\/2024\/04\/image-1.png?resize=300%2C143&amp;ssl=1 300w, https:\/\/i0.wp.com\/www.practicalparenting.co.za\/wp-content\/uploads\/2024\/04\/image-1.png?resize=768%2C367&amp;ssl=1 768w, https:\/\/i0.wp.com\/www.practicalparenting.co.za\/wp-content\/uploads\/2024\/04\/image-1.png?resize=18%2C9&amp;ssl=1 18w, https:\/\/i0.wp.com\/www.practicalparenting.co.za\/wp-content\/uploads\/2024\/04\/image-1.png?resize=750%2C358&amp;ssl=1 750w, https:\/\/i0.wp.com\/www.practicalparenting.co.za\/wp-content\/uploads\/2024\/04\/image-1.png?w=1498&amp;ssl=1 1498w\" sizes=\"auto, (max-width: 1000px) 100vw, 1000px\" \/><\/figure>\n\n\n\n<h4 class=\"wp-block-heading\">Experi\u00eancia<\/h4>\n\n\n\n<ul class=\"wp-block-list\">\n<li><strong>Terapeuta L\u00fadica em consult\u00f3rio particular<\/strong> 2008 &#8211; 2023\n<ul class=\"wp-block-list\">\n<li>Desenvolveu e dirigiu um programa de terapia l\u00fadica que melhorou os problemas comportamentais de 90% dos alunos participantes no primeiro ano.<\/li>\n<\/ul>\n<\/li>\n\n\n\n<li><strong>Terapeuta infantil residente na Escola Prim\u00e1ria de Brooklyn<\/strong> 2008 &#8211; 2022\n<ul class=\"wp-block-list\">\n<li>Acompanhamento de crian\u00e7as que lidam com div\u00f3rcio, traumas, luto, dificuldades sociais, emocionais<\/li>\n\n\n\n<li>sensibiliza\u00e7\u00e3o, orienta\u00e7\u00e3o parental, esclarecimento de d\u00favidas, etc.<\/li>\n<\/ul>\n<\/li>\n\n\n\n<li><strong>Professora do ensino pr\u00e9-escolar na Evergreen Pre-Primary School <\/strong>2002 &#8211; 2007\n<ul class=\"wp-block-list\">\n<li>Ensinou crian\u00e7as com idades compreendidas entre os 18 meses e os 6 anos<\/li>\n\n\n\n<li>Fun\u00e7\u00f5es de supervisor escolar 2006 - 2007<\/li>\n\n\n\n<li>Prestou servi\u00e7os de ludoterapia \u00e0 tarde na escola durante dois anos<\/li>\n<\/ul>\n<\/li>\n<\/ul>\n\n\n\n<h4 class=\"wp-block-heading\">Forma\u00e7\u00e3o e certifica\u00e7\u00f5es<\/h4>\n\n\n\n<ul class=\"wp-block-list\">\n<li>Teoria de Polyvagal (2020)<\/li>\n\n\n\n<li>CRM (Modelo de Resili\u00eancia Comunit\u00e1ria 2018)<\/li>\n\n\n\n<li>Forma\u00e7\u00e3o em EMDR com Reyhana Seedat (2014 e 2019)<\/li>\n\n\n\n<li>MDIAC (Mestrado em Ludoterapia) (2005-2007)<\/li>\n\n\n\n<li>Unisa \u2013 Pre-Primary Education 1st Year level (2000\/1)<\/li>\n\n\n\n<li>Universidade de Pret\u00f3ria - BA (Servi\u00e7o Social) (1995-1998)<\/li>\n<\/ul>\n\n\n\n<figure class=\"wp-block-image size-full is-resized\"><img data-recalc-dims=\"1\" loading=\"lazy\" decoding=\"async\" width=\"2000\" height=\"1397\" src=\"https:\/\/i0.wp.com\/www.practicalparenting.co.za\/wp-content\/uploads\/2020\/06\/playing.jpg?resize=2000%2C1397&#038;ssl=1\" alt=\"\" class=\"wp-image-598\" style=\"width:333px;height:auto\" srcset=\"https:\/\/i0.wp.com\/www.practicalparenting.co.za\/wp-content\/uploads\/2020\/06\/playing.jpg?w=2000&amp;ssl=1 2000w, https:\/\/i0.wp.com\/www.practicalparenting.co.za\/wp-content\/uploads\/2020\/06\/playing.jpg?resize=300%2C210&amp;ssl=1 300w, https:\/\/i0.wp.com\/www.practicalparenting.co.za\/wp-content\/uploads\/2020\/06\/playing.jpg?resize=1024%2C715&amp;ssl=1 1024w, https:\/\/i0.wp.com\/www.practicalparenting.co.za\/wp-content\/uploads\/2020\/06\/playing.jpg?resize=768%2C536&amp;ssl=1 768w, https:\/\/i0.wp.com\/www.practicalparenting.co.za\/wp-content\/uploads\/2020\/06\/playing.jpg?resize=1536%2C1073&amp;ssl=1 1536w, https:\/\/i0.wp.com\/www.practicalparenting.co.za\/wp-content\/uploads\/2020\/06\/playing.jpg?resize=750%2C524&amp;ssl=1 750w\" sizes=\"auto, (max-width: 1000px) 100vw, 1000px\" \/><\/figure>\n\n\n\n<h4 class=\"wp-block-heading\">O que \u00e9 que vos posso oferecer?<\/h4>\n\n\n\n<p>Como membro permanente da sua equipa, posso oferecer apoio e desenvolvimento cont\u00ednuos tanto aos alunos como ao pessoal, assegurando uma abordagem completa da educa\u00e7\u00e3o e da sa\u00fade mental. <\/p>\n\n\n\n<p>Como consultor externo, posso organizar semin\u00e1rios e sess\u00f5es de forma\u00e7\u00e3o orientados para necessidades espec\u00edficas, trazendo novas perspectivas e conhecimentos especializados \u00e0 sua institui\u00e7\u00e3o.<\/p>\n\n\n\n<p>Gostaria de aproveitar a oportunidade para colaborar com a vossa institui\u00e7\u00e3o. Ofere\u00e7o workshops abrangentes e sess\u00f5es de forma\u00e7\u00e3o adaptadas ao pessoal ou educadores e pais, centradas no apoio e orienta\u00e7\u00e3o do desenvolvimento. Al\u00e9m disso, ofere\u00e7o sess\u00f5es de terapia direta para crian\u00e7as que se integram perfeitamente em ambientes educativos. <\/p>\n\n\n\n<p>Al\u00e9m disso, estou muito interessado em conhecer melhor as vossas necessidades actuais e em saber como poderei contribuir para a equipa. <\/p>\n\n\n\n<blockquote class=\"wp-block-quote is-layout-flow wp-block-quote-is-layout-flow\">\n<h4 class=\"wp-block-heading\">Est\u00e1 pronto para melhorar o bem-estar emocional, social e psicol\u00f3gico dos seus alunos e funcion\u00e1rios? Contacte-me para saber como posso contribuir para o sucesso da sua institui\u00e7\u00e3o. <br>Vamos marcar uma reuni\u00e3o!<\/h4>\n<\/blockquote>\n\n\n\n<p>C\u00e9lula: <strong><em>911 8838 28<\/em><\/strong><\/p>\n\n\n\n<p>Email: <strong><em><a href=\"mailto:Natachalatouf@gmail.com\">Natachalatouf@gmail.com<\/a><\/em><\/strong><\/p>\n\n\n\n<p>Obrigado,<br>Natacha<\/p>\n\n\n\n<hr class=\"wp-block-separator has-alpha-channel-opacity\"\/>\n\n\n\n<h3 class=\"wp-block-heading has-medium-font-size\">Associa\u00e7\u00f5es registadas:<\/h3>\n\n\n\n<p class=\"has-small-font-size\">South African Council of Social Services Profession<br>(SACSSP): 10-19833<br>South African Social Workers In Private Practice<br>(SASWIPP): 800063<\/p>\n\n\n\n<hr class=\"wp-block-separator has-alpha-channel-opacity\"\/>\n\n\n\n<p class=\"is-style-plain has-medium-font-size\"><em>Pode visitar o resto do meu s\u00edtio para ver os artigos que escrevi:<\/em><\/p>\n\n\n\n<div class=\"wp-block-group alignfull has-background-color has-background\" style=\"background:linear-gradient(135deg,rgb(189,103,13) 0%,rgb(109,49,6) 100%);padding-top:var(--wp--preset--spacing--30);padding-right:var(--wp--preset--spacing--30);padding-bottom:var(--wp--preset--spacing--30);padding-left:var(--wp--preset--spacing--30)\"><div class=\"wp-block-group__inner-container is-layout-constrained wp-container-core-group-is-layout-97875daf wp-block-group-is-layout-constrained\">\n<div class=\"wp-block-group alignwide has-black-color has-text-color has-link-color wp-elements-19bb8afa13fc2904844b18d2cdcf9531 is-content-justification-space-between is-layout-flex wp-container-core-group-is-layout-256aec57 wp-block-group-is-layout-flex\">\n<div class=\"wp-block-group has-white-color has-text-color has-link-color wp-elements-d800018e4c994a57f996eb36b3d9da88 is-layout-flex wp-block-group-is-layout-flex\"><h3 class=\"has-link-color wp-elements-2303ac4353c6e2e00dd7c7f9b349fddf wp-block-site-title\"><a href=\"https:\/\/www.practicalparenting.co.za\/pt\" target=\"_blank\" rel=\"home\">Practical Parenting<\/a><\/h3><\/div>\n\n\n\n<div class=\"wp-block-group has-white-color has-text-color has-link-color wp-elements-df0a8de394a2071b08787601bb9c5e96 is-layout-flex wp-block-group-is-layout-flex\"><nav class=\"has-small-font-size is-responsive items-justified-center wp-block-navigation is-horizontal is-content-justification-center is-layout-flex wp-container-core-navigation-is-layout-5782f881 wp-block-navigation-is-layout-flex\" aria-label=\"Before Header Menu\" \n\t\t data-wp-interactive=\"core\/navigation\" data-wp-context='{\"overlayOpenedBy\":{\"click\":false,\"hover\":false,\"focus\":false},\"type\":\"overlay\",\"roleAttribute\":\"\",\"ariaLabel\":\"Menu\"}'><button aria-haspopup=\"dialog\" aria-label=\"Abrir menu\" class=\"wp-block-navigation__responsive-container-open\" \n\t\t\t\tdata-wp-on-async--click=\"actions.openMenuOnClick\"\n\t\t\t\tdata-wp-on--keydown=\"actions.handleMenuKeydown\"\n\t\t\t><svg width=\"24\" height=\"24\" xmlns=\"http:\/\/www.w3.org\/2000\/svg\" viewbox=\"0 0 24 24\" aria-hidden=\"true\" focusable=\"false\"><rect x=\"4\" y=\"7.5\" width=\"16\" height=\"1.5\" \/><rect x=\"4\" y=\"15\" width=\"16\" height=\"1.5\" \/><\/svg><\/button>\n\t\t\t\t<div class=\"wp-block-navigation__responsive-container\"  id=\"modal-1\" \n\t\t\t\tdata-wp-class--has-modal-open=\"state.isMenuOpen\"\n\t\t\t\tdata-wp-class--is-menu-open=\"state.isMenuOpen\"\n\t\t\t\tdata-wp-watch=\"callbacks.initMenu\"\n\t\t\t\tdata-wp-on--keydown=\"actions.handleMenuKeydown\"\n\t\t\t\tdata-wp-on-async--focusout=\"actions.handleMenuFocusout\"\n\t\t\t\ttabindex=\"-1\"\n\t\t\t>\n\t\t\t\t\t<div class=\"wp-block-navigation__responsive-close\" tabindex=\"-1\">\n\t\t\t\t\t\t<div class=\"wp-block-navigation__responsive-dialog\" \n\t\t\t\tdata-wp-bind--aria-modal=\"state.ariaModal\"\n\t\t\t\tdata-wp-bind--aria-label=\"state.ariaLabel\"\n\t\t\t\tdata-wp-bind--role=\"state.roleAttribute\"\n\t\t\t>\n\t\t\t\t\t\t\t<button aria-label=\"Fechar menu\" class=\"wp-block-navigation__responsive-container-close\" \n\t\t\t\tdata-wp-on-async--click=\"actions.closeMenuOnClick\"\n\t\t\t><svg xmlns=\"http:\/\/www.w3.org\/2000\/svg\" viewbox=\"0 0 24 24\" width=\"24\" height=\"24\" aria-hidden=\"true\" focusable=\"false\"><path d=\"m13.06 12 6.47-6.47-1.06-1.06L12 10.94 5.53 4.47 4.47 5.53 10.94 12l-6.47 6.47 1.06 1.06L12 13.06l6.47 6.47 1.06-1.06L13.06 12Z\"><\/path><\/svg><\/button>\n\t\t\t\t\t\t\t<div class=\"wp-block-navigation__responsive-container-content\" \n\t\t\t\tdata-wp-watch=\"callbacks.focusFirstElement\"\n\t\t\t id=\"modal-1-content\">\n\t\t\t\t\t\t\t\t<ul class=\"wp-block-navigation__container has-small-font-size is-responsive items-justified-center wp-block-navigation has-small-font-size\"><li class=\"has-small-font-size wp-block-navigation-item  menu-item menu-item-type-custom menu-item-object-custom menu-item-home wp-block-navigation-link\"><a class=\"wp-block-navigation-item__content\"  href=\"https:\/\/www.practicalparenting.co.za\/pt\/\" title=\"\"><span class=\"wp-block-navigation-item__label\">Home<\/span><\/a><\/li><li class=\"has-small-font-size wp-block-navigation-item  menu-item menu-item-type-taxonomy menu-item-object-category wp-block-navigation-link\"><a class=\"wp-block-navigation-item__content\"  href=\"https:\/\/www.practicalparenting.co.za\/pt\/category\/article\/\" title=\"\"><span class=\"wp-block-navigation-item__label\">Articles<\/span><\/a><\/li><li class=\"has-small-font-size wp-block-navigation-item  menu-item menu-item-type-taxonomy menu-item-object-category wp-block-navigation-link\"><a class=\"wp-block-navigation-item__content\"  href=\"https:\/\/www.practicalparenting.co.za\/pt\/category\/videos\/\" title=\"\"><span class=\"wp-block-navigation-item__label\">Videos<\/span><\/a><\/li><li class=\"has-small-font-size wp-block-navigation-item  menu-item menu-item-type-custom menu-item-object-custom wp-block-navigation-link\"><a class=\"wp-block-navigation-item__content\"  href=\"https:\/\/www.practicalparenting.co.za\/pt\/product-category\/books\/\" title=\"\"><span class=\"wp-block-navigation-item__label\">Books<\/span><\/a><\/li><li class=\"has-small-font-size wp-block-navigation-item  menu-item menu-item-type-taxonomy menu-item-object-category wp-block-navigation-link\"><a class=\"wp-block-navigation-item__content\"  href=\"https:\/\/www.practicalparenting.co.za\/pt\/category\/guides\/\" title=\"\"><span class=\"wp-block-navigation-item__label\">Guides<\/span><\/a><\/li><li class=\"has-small-font-size wp-block-navigation-item  menu-item menu-item-type-post_type menu-item-object-page wp-block-navigation-link\"><a class=\"wp-block-navigation-item__content\"  href=\"https:\/\/www.practicalparenting.co.za\/pt\/video-consultation\/\" title=\"\"><span class=\"wp-block-navigation-item__label\">Video consultation<\/span><\/a><\/li><li class=\"has-small-font-size wp-block-navigation-item  menu-item menu-item-type-post_type menu-item-object-page wp-block-navigation-link\"><a class=\"wp-block-navigation-item__content\"  href=\"https:\/\/www.practicalparenting.co.za\/pt\/contact-us\/\" title=\"\"><span class=\"wp-block-navigation-item__label\">Contact Me<\/span><\/a><\/li><\/ul>\n\t\t\t\t\t\t\t<\/div>\n\t\t\t\t\t\t<\/div>\n\t\t\t\t\t<\/div>\n\t\t\t\t<\/div><\/nav><\/div>\n<\/div>\n<\/div><\/div>\n\n\n\n<p><\/p>\n\n\n\n<p class=\"is-style-plain has-medium-font-size\"><em>Os meus s\u00edtios sociais:<\/em><\/p>\n\n\n\n<ul class=\"wp-block-social-links is-layout-flex wp-block-social-links-is-layout-flex\"><li class=\"wp-social-link wp-social-link-linkedin  wp-block-social-link\"><a href=\"https:\/\/www.linkedin.com\/in\/natacha-latouf-16288132\/\" class=\"wp-block-social-link-anchor\"><svg width=\"24\" height=\"24\" viewbox=\"0 0 24 24\" version=\"1.1\" xmlns=\"http:\/\/www.w3.org\/2000\/svg\" aria-hidden=\"true\" focusable=\"false\"><path d=\"M19.7,3H4.3C3.582,3,3,3.582,3,4.3v15.4C3,20.418,3.582,21,4.3,21h15.4c0.718,0,1.3-0.582,1.3-1.3V4.3 C21,3.582,20.418,3,19.7,3z M8.339,18.338H5.667v-8.59h2.672V18.338z M7.004,8.574c-0.857,0-1.549-0.694-1.549-1.548 c0-0.855,0.691-1.548,1.549-1.548c0.854,0,1.547,0.694,1.547,1.548C8.551,7.881,7.858,8.574,7.004,8.574z M18.339,18.338h-2.669 v-4.177c0-0.996-0.017-2.278-1.387-2.278c-1.389,0-1.601,1.086-1.601,2.206v4.249h-2.667v-8.59h2.559v1.174h0.037 c0.356-0.675,1.227-1.387,2.526-1.387c2.703,0,3.203,1.779,3.203,4.092V18.338z\"><\/path><\/svg><span class=\"wp-block-social-link-label screen-reader-text\">LinkedIn<\/span><\/a><\/li>\n\n<li class=\"wp-social-link wp-social-link-facebook  wp-block-social-link\"><a href=\"https:\/\/www.facebook.com\/natacha.latouf\" class=\"wp-block-social-link-anchor\"><svg width=\"24\" height=\"24\" viewbox=\"0 0 24 24\" version=\"1.1\" xmlns=\"http:\/\/www.w3.org\/2000\/svg\" aria-hidden=\"true\" focusable=\"false\"><path d=\"M12 2C6.5 2 2 6.5 2 12c0 5 3.7 9.1 8.4 9.9v-7H7.9V12h2.5V9.8c0-2.5 1.5-3.9 3.8-3.9 1.1 0 2.2.2 2.2.2v2.5h-1.3c-1.2 0-1.6.8-1.6 1.6V12h2.8l-.4 2.9h-2.3v7C18.3 21.1 22 17 22 12c0-5.5-4.5-10-10-10z\"><\/path><\/svg><span class=\"wp-block-social-link-label screen-reader-text\">Facebook<\/span><\/a><\/li>\n\n<li class=\"wp-social-link wp-social-link-wordpress  wp-block-social-link\"><a href=\"https:\/\/www.practicalparenting.co.za\/pt\/\" class=\"wp-block-social-link-anchor\"><svg width=\"24\" height=\"24\" viewbox=\"0 0 24 24\" version=\"1.1\" xmlns=\"http:\/\/www.w3.org\/2000\/svg\" aria-hidden=\"true\" focusable=\"false\"><path d=\"M12.158,12.786L9.46,20.625c0.806,0.237,1.657,0.366,2.54,0.366c1.047,0,2.051-0.181,2.986-0.51 c-0.024-0.038-0.046-0.079-0.065-0.124L12.158,12.786z M3.009,12c0,3.559,2.068,6.634,5.067,8.092L3.788,8.341 C3.289,9.459,3.009,10.696,3.009,12z M18.069,11.546c0-1.112-0.399-1.881-0.741-2.48c-0.456-0.741-0.883-1.368-0.883-2.109 c0-0.826,0.627-1.596,1.51-1.596c0.04,0,0.078,0.005,0.116,0.007C16.472,3.904,14.34,3.009,12,3.009 c-3.141,0-5.904,1.612-7.512,4.052c0.211,0.007,0.41,0.011,0.579,0.011c0.94,0,2.396-0.114,2.396-0.114 C7.947,6.93,8.004,7.642,7.52,7.699c0,0-0.487,0.057-1.029,0.085l3.274,9.739l1.968-5.901l-1.401-3.838 C9.848,7.756,9.389,7.699,9.389,7.699C8.904,7.67,8.961,6.93,9.446,6.958c0,0,1.484,0.114,2.368,0.114 c0.94,0,2.397-0.114,2.397-0.114c0.485-0.028,0.542,0.684,0.057,0.741c0,0-0.488,0.057-1.029,0.085l3.249,9.665l0.897-2.996 C17.841,13.284,18.069,12.316,18.069,11.546z M19.889,7.686c0.039,0.286,0.06,0.593,0.06,0.924c0,0.912-0.171,1.938-0.684,3.22 l-2.746,7.94c2.673-1.558,4.47-4.454,4.47-7.771C20.991,10.436,20.591,8.967,19.889,7.686z M12,22C6.486,22,2,17.514,2,12 C2,6.486,6.486,2,12,2c5.514,0,10,4.486,10,10C22,17.514,17.514,22,12,22z\"><\/path><\/svg><span class=\"wp-block-social-link-label screen-reader-text\">WordPress<\/span><\/a><\/li><\/ul>","protected":false},"excerpt":{"rendered":"<p>Child and Family Therapist, Coordinator and Workshop Presenter I&#8217;ve spent over 25 years working as a therapist in schools and private practice in South Africa, where I\u2019ve spent years helping parents and teachers understand and support children&#8217;s emotional, social, and behavioural growth. I&#8217;m excited to bring what I&#8217;ve learned to Portugal, to support and enrich [&hellip;]<\/p>","protected":false},"author":1,"featured_media":1881,"parent":0,"menu_order":0,"comment_status":"closed","ping_status":"closed","template":"page_landing.php","meta":{"_genesis_hide_title":false,"_genesis_hide_breadcrumbs":false,"_genesis_hide_singular_image":false,"_genesis_hide_footer_widgets":false,"_genesis_custom_body_class":"","_genesis_custom_post_class":"","_genesis_layout":"","footnotes":""},"class_list":{"0":"post-1791","1":"page","2":"type-page","3":"status-publish","4":"has-post-thumbnail","6":"entry"},"featured_image_src":"https:\/\/i0.wp.com\/www.practicalparenting.co.za\/wp-content\/uploads\/2024\/04\/natacha.jpg?resize=600%2C400&ssl=1","featured_image_src_square":"https:\/\/i0.wp.com\/www.practicalparenting.co.za\/wp-content\/uploads\/2024\/04\/natacha.jpg?resize=600%2C600&ssl=1","jetpack_sharing_enabled":true,"_links":{"self":[{"href":"https:\/\/www.practicalparenting.co.za\/pt\/wp-json\/wp\/v2\/pages\/1791","targetHints":{"allow":["GET"]}}],"collection":[{"href":"https:\/\/www.practicalparenting.co.za\/pt\/wp-json\/wp\/v2\/pages"}],"about":[{"href":"https:\/\/www.practicalparenting.co.za\/pt\/wp-json\/wp\/v2\/types\/page"}],"author":[{"embeddable":true,"href":"https:\/\/www.practicalparenting.co.za\/pt\/wp-json\/wp\/v2\/users\/1"}],"replies":[{"embeddable":true,"href":"https:\/\/www.practicalparenting.co.za\/pt\/wp-json\/wp\/v2\/comments?post=1791"}],"version-history":[{"count":21,"href":"https:\/\/www.practicalparenting.co.za\/pt\/wp-json\/wp\/v2\/pages\/1791\/revisions"}],"predecessor-version":[{"id":1880,"href":"https:\/\/www.practicalparenting.co.za\/pt\/wp-json\/wp\/v2\/pages\/1791\/revisions\/1880"}],"wp:featuredmedia":[{"embeddable":true,"href":"https:\/\/www.practicalparenting.co.za\/pt\/wp-json\/wp\/v2\/media\/1881"}],"wp:attachment":[{"href":"https:\/\/www.practicalparenting.co.za\/pt\/wp-json\/wp\/v2\/media?parent=1791"}],"curies":[{"name":"wp","href":"https:\/\/api.w.org\/{rel}","templated":true}]}}